{"id":33,"date":"2026-01-28T19:21:10","date_gmt":"2026-01-28T19:21:10","guid":{"rendered":"https:\/\/farmaciaintegrada.com.br\/novo\/?page_id=33"},"modified":"2026-03-27T11:27:07","modified_gmt":"2026-03-27T11:27:07","slug":"contato","status":"publish","type":"page","link":"https:\/\/farmaciaintegrada.com.br\/novo\/contato\/","title":{"rendered":"Contato"},"content":{"rendered":"\t\t<div data-elementor-type=\"wp-page\" data-elementor-id=\"33\" class=\"elementor elementor-33\" data-elementor-post-type=\"page\">\n\t\t\t\t<div class=\"elementor-element elementor-element-a61b294 e-flex e-con-boxed e-con e-parent\" data-id=\"a61b294\" data-element_type=\"container\" data-e-type=\"container\" data-settings=\"{&quot;background_background&quot;:&quot;classic&quot;,&quot;jet_parallax_layout_list&quot;:[]}\">\n\t\t\t\t\t<div class=\"e-con-inner\">\n\t\t\t\t\t<\/div>\n\t\t\t\t<\/div>\n\t\t<div class=\"elementor-element elementor-element-6270712 e-flex e-con-boxed e-con e-parent\" data-id=\"6270712\" data-element_type=\"container\" data-e-type=\"container\" data-settings=\"{&quot;jet_parallax_layout_list&quot;:[]}\">\n\t\t\t\t\t<div class=\"e-con-inner\">\n\t\t<div class=\"elementor-element elementor-element-8e28fb5 e-con-full e-flex e-con e-child\" data-id=\"8e28fb5\" data-element_type=\"container\" data-e-type=\"container\" data-settings=\"{&quot;jet_parallax_layout_list&quot;:[]}\">\n\t\t\t\t<div class=\"elementor-element elementor-element-3557e43 elementor-widget elementor-widget-text-editor\" data-id=\"3557e43\" data-element_type=\"widget\" data-e-type=\"widget\" data-widget_type=\"text-editor.default\">\n\t\t\t\t\t\t\t\t\t<p>Na <strong>Farm\u00e1cia Integrada<\/strong>, estamos sempre prontos para atender voc\u00ea com aten\u00e7\u00e3o e cuidado: utilize o formul\u00e1rio ao lado para enviar suas d\u00favidas, sugest\u00f5es ou solicita\u00e7\u00f5es, e nossa equipe retornar\u00e1 o mais r\u00e1pido poss\u00edvel, garantindo que sua experi\u00eancia seja pr\u00e1tica, segura e voltada para o seu bem-estar.<\/p>\t\t\t\t\t\t\t\t<\/div>\n\t\t\t\t<\/div>\n\t\t<div class=\"elementor-element elementor-element-b277cc1 e-con-full e-flex e-con e-child\" data-id=\"b277cc1\" data-element_type=\"container\" data-e-type=\"container\" data-settings=\"{&quot;jet_parallax_layout_list&quot;:[],&quot;background_background&quot;:&quot;classic&quot;}\">\n\t\t\t\t<div class=\"elementor-element elementor-element-05642a5 elementor-button-align-start elementor-widget__width-inherit elementor-widget elementor-widget-form\" data-id=\"05642a5\" data-element_type=\"widget\" data-e-type=\"widget\" data-settings=\"{&quot;step_next_label&quot;:&quot;Next&quot;,&quot;step_previous_label&quot;:&quot;Previous&quot;,&quot;button_width&quot;:&quot;100&quot;,&quot;step_type&quot;:&quot;number_text&quot;,&quot;step_icon_shape&quot;:&quot;circle&quot;}\" data-widget_type=\"form.default\">\n\t\t\t\t\t\t\t<form class=\"elementor-form\" method=\"post\" name=\"New Form\" aria-label=\"New Form\">\n\t\t\t<input type=\"hidden\" name=\"post_id\" value=\"33\"\/>\n\t\t\t<input type=\"hidden\" name=\"form_id\" value=\"05642a5\"\/>\n\t\t\t<input type=\"hidden\" name=\"referer_title\" value=\"Contato - Farm\u00e1cia Integrada\" \/>\n\n\t\t\t\t\t\t\t<input type=\"hidden\" name=\"queried_id\" value=\"33\"\/>\n\t\t\t\n\t\t\t<div class=\"elementor-form-fields-wrapper elementor-labels-above\">\n\t\t\t\t\t\t\t\t<div class=\"elementor-field-type-text elementor-field-group elementor-column elementor-field-group-name elementor-col-100 elementor-field-required\">\n\t\t\t\t\t\t\t\t\t\t\t\t<label for=\"form-field-name\" class=\"elementor-field-label\">\n\t\t\t\t\t\t\t\tSeu nome\t\t\t\t\t\t\t<\/label>\n\t\t\t\t\t\t\t\t\t\t\t\t\t\t<input size=\"1\" type=\"text\" name=\"form_fields[name]\" id=\"form-field-name\" class=\"elementor-field elementor-size-sm  elementor-field-textual\" placeholder=\"nome\" required=\"required\">\n\t\t\t\t\t\t\t\t\t\t\t<\/div>\n\t\t\t\t\t\t\t\t<div class=\"elementor-field-type-email elementor-field-group elementor-column elementor-field-group-email elementor-col-100 elementor-field-required\">\n\t\t\t\t\t\t\t\t\t\t\t\t<label for=\"form-field-email\" class=\"elementor-field-label\">\n\t\t\t\t\t\t\t\tSeu e-mail\t\t\t\t\t\t\t<\/label>\n\t\t\t\t\t\t\t\t\t\t\t\t\t\t<input size=\"1\" type=\"email\" name=\"form_fields[email]\" id=\"form-field-email\" class=\"elementor-field elementor-size-sm  elementor-field-textual\" placeholder=\"E-mail\" required=\"required\">\n\t\t\t\t\t\t\t\t\t\t\t<\/div>\n\t\t\t\t\t\t\t\t<div class=\"elementor-field-type-select elementor-field-group elementor-column elementor-field-group-field_7522910 elementor-col-100 elementor-field-required\">\n\t\t\t\t\t\t\t\t\t\t\t\t<label for=\"form-field-field_7522910\" class=\"elementor-field-label\">\n\t\t\t\t\t\t\t\tAssunto do e-mail\t\t\t\t\t\t\t<\/label>\n\t\t\t\t\t\t\t\t<div class=\"elementor-field elementor-select-wrapper remove-before \">\n\t\t\t<div class=\"select-caret-down-wrapper\">\n\t\t\t\t<svg aria-hidden=\"true\" class=\"e-font-icon-svg e-eicon-caret-down\" viewBox=\"0 0 571.4 571.4\" xmlns=\"http:\/\/www.w3.org\/2000\/svg\"><path d=\"M571 393Q571 407 561 418L311 668Q300 679 286 679T261 668L11 418Q0 407 0 393T11 368 36 357H536Q550 357 561 368T571 393Z\"><\/path><\/svg>\t\t\t<\/div>\n\t\t\t<select name=\"form_fields[field_7522910]\" id=\"form-field-field_7522910\" class=\"elementor-field-textual elementor-size-sm\" required=\"required\">\n\t\t\t\t\t\t\t\t\t<option value=\"D\u00favida sobre produto\">D\u00favida sobre produto<\/option>\n\t\t\t\t\t\t\t\t\t<option value=\"D\u00favida sobre manipula\u00e7\u00e3o\">D\u00favida sobre manipula\u00e7\u00e3o<\/option>\n\t\t\t\t\t\t\t\t\t<option value=\"Sugest\u00f5es\">Sugest\u00f5es<\/option>\n\t\t\t\t\t\t\t\t\t<option value=\"Reclama\u00e7\u00f5es\">Reclama\u00e7\u00f5es<\/option>\n\t\t\t\t\t\t\t\t\t<option value=\"Outros assuntos\">Outros assuntos<\/option>\n\t\t\t\t\t\t\t<\/select>\n\t\t<\/div>\n\t\t\t\t\t\t<\/div>\n\t\t\t\t\t\t\t\t<div class=\"elementor-field-type-textarea elementor-field-group elementor-column elementor-field-group-message elementor-col-100 elementor-field-required\">\n\t\t\t\t\t\t\t\t\t\t\t\t<label for=\"form-field-message\" class=\"elementor-field-label\">\n\t\t\t\t\t\t\t\tMensagem\t\t\t\t\t\t\t<\/label>\n\t\t\t\t\t\t<textarea class=\"elementor-field-textual elementor-field  elementor-size-sm\" name=\"form_fields[message]\" id=\"form-field-message\" rows=\"4\" placeholder=\"Descreva detalhadamente sua mensagem\" required=\"required\"><\/textarea>\t\t\t\t<\/div>\n\t\t\t\t\t\t\t\t<div class=\"elementor-field-type-checkbox elementor-field-group elementor-column elementor-field-group-field_d5906f1 elementor-col-100\">\n\t\t\t\t\t<div class=\"elementor-field-subgroup  \"><span class=\"elementor-field-option\"><input type=\"checkbox\" value=\"Ao selecionar esta caixa, voc\u00ea nos autoriza a te enviar e-mails de acordo com nossa Pol\u00edtica de Privacidade. Voc\u00ea pode revogar este consentimento a qualquer momento\" id=\"form-field-field_d5906f1-0\" name=\"form_fields[field_d5906f1]\"> <label for=\"form-field-field_d5906f1-0\">Ao selecionar esta caixa, voc\u00ea nos autoriza a te enviar e-mails de acordo com nossa Pol\u00edtica de Privacidade. Voc\u00ea pode revogar este consentimento a qualquer momento<\/label><\/span><\/div>\t\t\t\t<\/div>\n\t\t\t\t\t\t\t\t<div class=\"elementor-field-group elementor-column elementor-field-type-submit elementor-col-100 e-form__buttons\">\n\t\t\t\t\t<button class=\"elementor-button elementor-size-sm\" type=\"submit\">\n\t\t\t\t\t\t<span class=\"elementor-button-content-wrapper\">\n\t\t\t\t\t\t\t\t\t\t\t\t\t\t\t\t\t\t\t\t\t\t<span class=\"elementor-button-text\">Enviar<\/span>\n\t\t\t\t\t\t\t\t\t\t\t\t\t<\/span>\n\t\t\t\t\t<\/button>\n\t\t\t\t<\/div>\n\t\t\t<\/div>\n\t\t<\/form>\n\t\t\t\t\t\t<\/div>\n\t\t\t\t<\/div>\n\t\t\t\t\t<\/div>\n\t\t\t\t<\/div>\n\t\t\t\t<\/div>\n\t\t","protected":false},"excerpt":{"rendered":"<p>Na Farm\u00e1cia Integrada, estamos sempre prontos para atender voc\u00ea com aten\u00e7\u00e3o e cuidado: utilize o formul\u00e1rio ao lado para enviar suas d\u00favidas, sugest\u00f5es ou solicita\u00e7\u00f5es, e nossa equipe retornar\u00e1 o mais r\u00e1pido poss\u00edvel, garantindo que sua experi\u00eancia seja pr\u00e1tica, segura e voltada para o seu bem-estar.<\/p>\n","protected":false},"author":1,"featured_media":145,"parent":0,"menu_order":0,"comment_status":"closed","ping_status":"closed","template":"","meta":{"footnotes":""},"class_list":["post-33","page","type-page","status-publish","has-post-thumbnail","hentry"],"yoast_head":"<!-- This site is optimized with the Yoast SEO plugin v27.2 - https:\/\/yoast.com\/product\/yoast-seo-wordpress\/ -->\n<title>Contato - Farm\u00e1cia Integrada<\/title>\n<meta name=\"description\" content=\"Entre em contato com a Farm\u00e1cia Integrada. Tire suas d\u00favidas, solicite informa\u00e7\u00f5es e fale diretamente com nossa equipe de atendimento.\" \/>\n<meta name=\"robots\" content=\"index, follow, max-snippet:-1, max-image-preview:large, max-video-preview:-1\" \/>\n<link rel=\"canonical\" href=\"https:\/\/farmaciaintegrada.com.br\/novo\/contato\/\" \/>\n<meta property=\"og:locale\" content=\"pt_BR\" \/>\n<meta property=\"og:type\" content=\"article\" \/>\n<meta property=\"og:title\" content=\"Contato - Farm\u00e1cia Integrada\" \/>\n<meta property=\"og:description\" content=\"Entre em contato com a Farm\u00e1cia Integrada. Tire suas d\u00favidas, solicite informa\u00e7\u00f5es e fale diretamente com nossa equipe de atendimento.\" \/>\n<meta property=\"og:url\" content=\"https:\/\/farmaciaintegrada.com.br\/novo\/contato\/\" \/>\n<meta property=\"og:site_name\" content=\"Farm\u00e1cia Integrada\" \/>\n<meta property=\"article:modified_time\" content=\"2026-03-27T11:27:07+00:00\" \/>\n<meta property=\"og:image\" content=\"https:\/\/farmaciaintegrada.com.br\/novo\/wp-content\/uploads\/2026\/02\/capa-whatsapp.jpg\" \/>\n\t<meta property=\"og:image:width\" content=\"1079\" \/>\n\t<meta property=\"og:image:height\" content=\"1079\" \/>\n\t<meta property=\"og:image:type\" content=\"image\/jpeg\" \/>\n<meta name=\"twitter:card\" content=\"summary_large_image\" \/>\n<meta name=\"twitter:label1\" content=\"Est. tempo de leitura\" \/>\n\t<meta name=\"twitter:data1\" content=\"1 minuto\" \/>\n<script type=\"application\/ld+json\" class=\"yoast-schema-graph\">{\"@context\":\"https:\/\/schema.org\",\"@graph\":[{\"@type\":\"WebPage\",\"@id\":\"https:\/\/farmaciaintegrada.com.br\/novo\/contato\/\",\"url\":\"https:\/\/farmaciaintegrada.com.br\/novo\/contato\/\",\"name\":\"Contato - Farm\u00e1cia Integrada\",\"isPartOf\":{\"@id\":\"https:\/\/farmaciaintegrada.com.br\/novo\/#website\"},\"primaryImageOfPage\":{\"@id\":\"https:\/\/farmaciaintegrada.com.br\/novo\/contato\/#primaryimage\"},\"image\":{\"@id\":\"https:\/\/farmaciaintegrada.com.br\/novo\/contato\/#primaryimage\"},\"thumbnailUrl\":\"https:\/\/farmaciaintegrada.com.br\/novo\/wp-content\/uploads\/2026\/02\/capa-whatsapp.jpg\",\"datePublished\":\"2026-01-28T19:21:10+00:00\",\"dateModified\":\"2026-03-27T11:27:07+00:00\",\"description\":\"Entre em contato com a Farm\u00e1cia Integrada. Tire suas d\u00favidas, solicite informa\u00e7\u00f5es e fale diretamente com nossa equipe de atendimento.\",\"breadcrumb\":{\"@id\":\"https:\/\/farmaciaintegrada.com.br\/novo\/contato\/#breadcrumb\"},\"inLanguage\":\"pt-BR\",\"potentialAction\":[{\"@type\":\"ReadAction\",\"target\":[\"https:\/\/farmaciaintegrada.com.br\/novo\/contato\/\"]}]},{\"@type\":\"ImageObject\",\"inLanguage\":\"pt-BR\",\"@id\":\"https:\/\/farmaciaintegrada.com.br\/novo\/contato\/#primaryimage\",\"url\":\"https:\/\/farmaciaintegrada.com.br\/novo\/wp-content\/uploads\/2026\/02\/capa-whatsapp.jpg\",\"contentUrl\":\"https:\/\/farmaciaintegrada.com.br\/novo\/wp-content\/uploads\/2026\/02\/capa-whatsapp.jpg\",\"width\":1079,\"height\":1079},{\"@type\":\"BreadcrumbList\",\"@id\":\"https:\/\/farmaciaintegrada.com.br\/novo\/contato\/#breadcrumb\",\"itemListElement\":[{\"@type\":\"ListItem\",\"position\":1,\"name\":\"In\u00edcio\",\"item\":\"https:\/\/farmaciaintegrada.com.br\/novo\/\"},{\"@type\":\"ListItem\",\"position\":2,\"name\":\"Contato\"}]},{\"@type\":\"WebSite\",\"@id\":\"https:\/\/farmaciaintegrada.com.br\/novo\/#website\",\"url\":\"https:\/\/farmaciaintegrada.com.br\/novo\/\",\"name\":\"Farm\u00e1cia Integrada\",\"description\":\"Farm\u00e1cia Integrada: desde 1980 cuidando da sua sa\u00fade com manipula\u00e7\u00e3o de f\u00f3rmulas, cosm\u00e9ticos, produtos naturais e drogaria.\",\"potentialAction\":[{\"@type\":\"SearchAction\",\"target\":{\"@type\":\"EntryPoint\",\"urlTemplate\":\"https:\/\/farmaciaintegrada.com.br\/novo\/?s={search_term_string}\"},\"query-input\":{\"@type\":\"PropertyValueSpecification\",\"valueRequired\":true,\"valueName\":\"search_term_string\"}}],\"inLanguage\":\"pt-BR\"}]}<\/script>\n<!-- \/ Yoast SEO plugin. -->","yoast_head_json":{"title":"Contato - Farm\u00e1cia Integrada","description":"Entre em contato com a Farm\u00e1cia Integrada. Tire suas d\u00favidas, solicite informa\u00e7\u00f5es e fale diretamente com nossa equipe de atendimento.","robots":{"index":"index","follow":"follow","max-snippet":"max-snippet:-1","max-image-preview":"max-image-preview:large","max-video-preview":"max-video-preview:-1"},"canonical":"https:\/\/farmaciaintegrada.com.br\/novo\/contato\/","og_locale":"pt_BR","og_type":"article","og_title":"Contato - Farm\u00e1cia Integrada","og_description":"Entre em contato com a Farm\u00e1cia Integrada. Tire suas d\u00favidas, solicite informa\u00e7\u00f5es e fale diretamente com nossa equipe de atendimento.","og_url":"https:\/\/farmaciaintegrada.com.br\/novo\/contato\/","og_site_name":"Farm\u00e1cia Integrada","article_modified_time":"2026-03-27T11:27:07+00:00","og_image":[{"width":1079,"height":1079,"url":"https:\/\/farmaciaintegrada.com.br\/novo\/wp-content\/uploads\/2026\/02\/capa-whatsapp.jpg","type":"image\/jpeg"}],"twitter_card":"summary_large_image","twitter_misc":{"Est. tempo de leitura":"1 minuto"},"schema":{"@context":"https:\/\/schema.org","@graph":[{"@type":"WebPage","@id":"https:\/\/farmaciaintegrada.com.br\/novo\/contato\/","url":"https:\/\/farmaciaintegrada.com.br\/novo\/contato\/","name":"Contato - Farm\u00e1cia Integrada","isPartOf":{"@id":"https:\/\/farmaciaintegrada.com.br\/novo\/#website"},"primaryImageOfPage":{"@id":"https:\/\/farmaciaintegrada.com.br\/novo\/contato\/#primaryimage"},"image":{"@id":"https:\/\/farmaciaintegrada.com.br\/novo\/contato\/#primaryimage"},"thumbnailUrl":"https:\/\/farmaciaintegrada.com.br\/novo\/wp-content\/uploads\/2026\/02\/capa-whatsapp.jpg","datePublished":"2026-01-28T19:21:10+00:00","dateModified":"2026-03-27T11:27:07+00:00","description":"Entre em contato com a Farm\u00e1cia Integrada. Tire suas d\u00favidas, solicite informa\u00e7\u00f5es e fale diretamente com nossa equipe de atendimento.","breadcrumb":{"@id":"https:\/\/farmaciaintegrada.com.br\/novo\/contato\/#breadcrumb"},"inLanguage":"pt-BR","potentialAction":[{"@type":"ReadAction","target":["https:\/\/farmaciaintegrada.com.br\/novo\/contato\/"]}]},{"@type":"ImageObject","inLanguage":"pt-BR","@id":"https:\/\/farmaciaintegrada.com.br\/novo\/contato\/#primaryimage","url":"https:\/\/farmaciaintegrada.com.br\/novo\/wp-content\/uploads\/2026\/02\/capa-whatsapp.jpg","contentUrl":"https:\/\/farmaciaintegrada.com.br\/novo\/wp-content\/uploads\/2026\/02\/capa-whatsapp.jpg","width":1079,"height":1079},{"@type":"BreadcrumbList","@id":"https:\/\/farmaciaintegrada.com.br\/novo\/contato\/#breadcrumb","itemListElement":[{"@type":"ListItem","position":1,"name":"In\u00edcio","item":"https:\/\/farmaciaintegrada.com.br\/novo\/"},{"@type":"ListItem","position":2,"name":"Contato"}]},{"@type":"WebSite","@id":"https:\/\/farmaciaintegrada.com.br\/novo\/#website","url":"https:\/\/farmaciaintegrada.com.br\/novo\/","name":"Farm\u00e1cia Integrada","description":"Farm\u00e1cia Integrada: desde 1980 cuidando da sua sa\u00fade com manipula\u00e7\u00e3o de f\u00f3rmulas, cosm\u00e9ticos, produtos naturais e drogaria.","potentialAction":[{"@type":"SearchAction","target":{"@type":"EntryPoint","urlTemplate":"https:\/\/farmaciaintegrada.com.br\/novo\/?s={search_term_string}"},"query-input":{"@type":"PropertyValueSpecification","valueRequired":true,"valueName":"search_term_string"}}],"inLanguage":"pt-BR"}]}},"_links":{"self":[{"href":"https:\/\/farmaciaintegrada.com.br\/novo\/wp-json\/wp\/v2\/pages\/33","targetHints":{"allow":["GET"]}}],"collection":[{"href":"https:\/\/farmaciaintegrada.com.br\/novo\/wp-json\/wp\/v2\/pages"}],"about":[{"href":"https:\/\/farmaciaintegrada.com.br\/novo\/wp-json\/wp\/v2\/types\/page"}],"author":[{"embeddable":true,"href":"https:\/\/farmaciaintegrada.com.br\/novo\/wp-json\/wp\/v2\/users\/1"}],"replies":[{"embeddable":true,"href":"https:\/\/farmaciaintegrada.com.br\/novo\/wp-json\/wp\/v2\/comments?post=33"}],"version-history":[{"count":12,"href":"https:\/\/farmaciaintegrada.com.br\/novo\/wp-json\/wp\/v2\/pages\/33\/revisions"}],"predecessor-version":[{"id":240,"href":"https:\/\/farmaciaintegrada.com.br\/novo\/wp-json\/wp\/v2\/pages\/33\/revisions\/240"}],"wp:featuredmedia":[{"embeddable":true,"href":"https:\/\/farmaciaintegrada.com.br\/novo\/wp-json\/wp\/v2\/media\/145"}],"wp:attachment":[{"href":"https:\/\/farmaciaintegrada.com.br\/novo\/wp-json\/wp\/v2\/media?parent=33"}],"curies":[{"name":"wp","href":"https:\/\/api.w.org\/{rel}","templated":true}]}}